{"id":208,"date":"2024-06-27T13:20:30","date_gmt":"2024-06-27T13:20:30","guid":{"rendered":"https:\/\/nicolemartins.com\/?post_type=product&#038;p=208"},"modified":"2026-04-01T11:24:12","modified_gmt":"2026-04-01T11:24:12","slug":"zl-zinc-lion","status":"publish","type":"product","link":"https:\/\/dpclinicalhairproducts.com\/en\/product\/zl-zinc-lion\/","title":{"rendered":"ZL zinc lion"},"content":{"rendered":"<p>[et_pb_section fb_built=\u00bb1&#8243; _builder_version=\u00bb4.16&#8243; custom_padding=\u00bb0px||||false|false\u00bb global_colors_info=\u00bb{}\u00bb][et_pb_row _builder_version=\u00bb4.16&#8243; background_size=\u00bbinitial\u00bb background_position=\u00bbtop_left\u00bb background_repeat=\u00bbrepeat\u00bb width=\u00bb100%\u00bb custom_padding=\u00bb0px||0px||false|false\u00bb global_colors_info=\u00bb{}\u00bb][et_pb_column type=\u00bb4_4&#8243; _builder_version=\u00bb4.16&#8243; custom_padding=\u00bb|||\u00bb global_colors_info=\u00bb{}\u00bb custom_padding__hover=\u00bb|||\u00bb][et_pb_wc_breadcrumb _builder_version=\u00bb4.16&#8243; global_colors_info=\u00bb{}\u00bb][\/et_pb_wc_breadcrumb][et_pb_wc_cart_notice _builder_version=\u00bb4.16&#8243; global_colors_info=\u00bb{}\u00bb][\/et_pb_wc_cart_notice][\/et_pb_column][\/et_pb_row][et_pb_row _builder_version=\u00bb4.27.5&#8243; background_size=\u00bbinitial\u00bb background_position=\u00bbtop_left\u00bb background_repeat=\u00bbrepeat\u00bb width=\u00bb100%\u00bb custom_padding=\u00bb0px||||false|false\u00bb hover_enabled=\u00bb0&#8243; global_colors_info=\u00bb{}\u00bb column_structure=\u00bb1_2,1_2&#8243; use_custom_gutter=\u00bbon\u00bb make_equal=\u00bbon\u00bb module_alignment=\u00bbcenter\u00bb max_width=\u00bb1492px\u00bb sticky_enabled=\u00bb0&#8243;][et_pb_column type=\u00bb1_2&#8243; _builder_version=\u00bb4.16&#8243; custom_padding=\u00bb|||\u00bb global_colors_info=\u00bb{}\u00bb custom_padding__hover=\u00bb|||\u00bb][et_pb_wc_images _builder_version=\u00bb4.16&#8243; global_colors_info=\u00bb{}\u00bb][\/et_pb_wc_images][\/et_pb_column][et_pb_column type=\u00bb1_2&#8243; _builder_version=\u00bb4.16&#8243; custom_padding=\u00bb|||\u00bb global_colors_info=\u00bb{}\u00bb custom_padding__hover=\u00bb|||\u00bb][et_pb_wc_title _builder_version=\u00bb4.16&#8243; global_colors_info=\u00bb{}\u00bb][\/et_pb_wc_title][et_pb_wc_rating _builder_version=\u00bb4.27.5&#8243; hover_enabled=\u00bb0&#8243; global_colors_info=\u00bb{}\u00bb sticky_enabled=\u00bb0&#8243;][\/et_pb_wc_rating][et_pb_wc_price _builder_version=\u00bb4.27.5&#8243; hover_enabled=\u00bb0&#8243; global_colors_info=\u00bb{}\u00bb body_text_color=\u00bb#000000&#8243; sticky_enabled=\u00bb0&#8243;][\/et_pb_wc_price][et_pb_wc_description _builder_version=\u00bb4.16&#8243; global_colors_info=\u00bb{}\u00bb][\/et_pb_wc_description][et_pb_wc_add_to_cart _builder_version=\u00bb4.27.5&#8243; hover_enabled=\u00bb0&#8243; global_colors_info=\u00bb{}\u00bb custom_button=\u00bbon\u00bb button_bg_color=\u00bb#000000&#8243; button_bg_enable_color=\u00bbon\u00bb sticky_enabled=\u00bb0&#8243;][\/et_pb_wc_add_to_cart][et_pb_wc_meta _builder_version=\u00bb4.16&#8243; global_colors_info=\u00bb{}\u00bb][\/et_pb_wc_meta][\/et_pb_column][\/et_pb_row][et_pb_row _builder_version=\u00bb4.16&#8243; background_size=\u00bbinitial\u00bb background_position=\u00bbtop_left\u00bb background_repeat=\u00bbrepeat\u00bb width=\u00bb100%\u00bb global_colors_info=\u00bb{}\u00bb][et_pb_column type=\u00bb4_4&#8243; _builder_version=\u00bb4.16&#8243; custom_padding=\u00bb|||\u00bb global_colors_info=\u00bb{}\u00bb custom_padding__hover=\u00bb|||\u00bb][et_pb_wc_tabs _builder_version=\u00bb4.16&#8243; global_colors_info=\u00bb{}\u00bb]\t\t\t\t\t[\/et_pb_wc_tabs][et_pb_wc_upsells columns_number=\u00bb3&#8243; _builder_version=\u00bb4.16&#8243; global_colors_info=\u00bb{}\u00bb][\/et_pb_wc_upsells][et_pb_wc_related_products columns_number=\u00bb3&#8243; _builder_version=\u00bb4.16&#8243; global_colors_info=\u00bb{}\u00bb][\/et_pb_wc_related_products][\/et_pb_column][\/et_pb_row][\/et_pb_section]<\/p>\n","protected":false},"excerpt":{"rendered":"<p>Repairing mask.<\/p>\n<p>With natural extract of 7 herbs. Balanced formula that adheres to the hair and penetrates the cuticle, nourishing and repairing it.<\/p>\n<p>Incorporates a complex of 7 natural herbs that nourish, repair and protect the hair.<\/p>\n<p>- Tussilago Farfara: regulates scalp sensitivity.<\/p>\n<p>- Thymus Serpillum: antioxidant and balsamic action.<\/p>\n<p>- Achillea Millefolium: cooling, purifying and anti-irritant action.<\/p>\n<p>- Equisetum Arvense: provides elasticity and regulates scalp sebum.<\/p>\n<p>- Betula Alba: stimulates the scalp, acts against oiliness.<\/p>\n<p>- Urtica Dioica: conditions, anti-dandruff, anti-fat and tones the scalp.<\/p>\n<p>- Rosmarinus Officinalis: antioxidant, purifying, reactivating and stimulating action.<\/p>\n<p>- Orange Stem Cells: contain amino acids, especially proline and betaine, as well as organic acids, sugars, peptides and proteins. They purify, regenerate and renew scalp cells.<\/p>\n<p>*No returns or refunds due to the nature of the products.<\/p>","protected":false},"featured_media":217,"template":"","meta":{"_et_pb_use_builder":"on","_et_pb_old_content":"","_et_gb_content_width":""},"product_brand":[],"product_cat":[24],"product_tag":[],"class_list":{"0":"post-208","1":"product","2":"type-product","3":"status-publish","4":"has-post-thumbnail","6":"product_cat-mascarilla","8":"first","9":"instock","10":"shipping-taxable","11":"purchasable","12":"product-type-simple"},"exclude_global_add_ons":[],"addons":[],"yoast_head":"<!-- This site is optimized with the Yoast SEO plugin v27.4 - https:\/\/yoast.com\/product\/yoast-seo-wordpress\/ -->\n<title>ZL zinc lion - dpclinicalhairproducts.com<\/title>\n<meta name=\"robots\" content=\"index, follow, max-snippet:-1, max-image-preview:large, max-video-preview:-1\" \/>\n<link rel=\"canonical\" href=\"https:\/\/dpclinicalhairproducts.com\/en\/product\/zl-zinc-lion\/\" \/>\n<meta property=\"og:locale\" content=\"en_GB\" \/>\n<meta property=\"og:type\" content=\"article\" \/>\n<meta property=\"og:title\" content=\"ZL zinc lion - dpclinicalhairproducts.com\" \/>\n<meta property=\"og:description\" content=\"Mascarilla reparadora.Con extracto natural de 7 hierbas. F\u00f3rmula equilibrada que se adhiere al cabello y penetra en la cut\u00edcula, nutri\u00e9ndolo y repar\u00e1ndolo.Incorpora un complejo de 7 hierbas naturales que nutren, reparan y protegen el cabello.- Tussilago Farfara: regula la sensibilidad del cuero cabelludo.- Thymus Serpillum: acci\u00f3n antioxidante y bals\u00e1mica.- Achillea Millefolium: acci\u00f3n refrescante, purificante y antiirritante.- Equisetum Arvense: aporta elasticidad y regula el sebo del cuero cabelludo.- Betula Alba: estimula el cuero cabelludo, act\u00faa contra la grasa.- Urtica Dioica: acondiciona, anticaspa, antigrasa y tonifica el cuero cabelludo.- Rosmarinus Officinalis: acci\u00f3n antioxidante, purificante, reactivadora y estimulante.- C\u00e9lulas Madre de Naranja: contienen amino\u00e1cidos, especialmente prolina y beta\u00edna, adem\u00e1s de \u00e1cidos org\u00e1nicos, az\u00facares, p\u00e9ptidos y prote\u00ednas. Purifican, regeneran y renuevan las c\u00e9lulas del cuero cabelludo.*No se realizan devoluciones ni reembolsos debido a la naturaleza de los productos*\" \/>\n<meta property=\"og:url\" content=\"https:\/\/dpclinicalhairproducts.com\/en\/product\/zl-zinc-lion\/\" \/>\n<meta property=\"og:site_name\" content=\"dpclinicalhairproducts.com\" \/>\n<meta property=\"article:modified_time\" content=\"2026-04-01T11:24:12+00:00\" \/>\n<meta property=\"og:image\" content=\"https:\/\/dpclinicalhairproducts.com\/wp-content\/uploads\/2024\/06\/123.png\" \/>\n\t<meta property=\"og:image:width\" content=\"1080\" \/>\n\t<meta property=\"og:image:height\" content=\"1080\" \/>\n\t<meta property=\"og:image:type\" content=\"image\/png\" \/>\n<meta name=\"twitter:card\" content=\"summary_large_image\" \/>\n<meta name=\"twitter:label1\" content=\"Estimated reading time\" \/>\n\t<meta name=\"twitter:data1\" content=\"2 minutes\" \/>\n<script type=\"application\/ld+json\" class=\"yoast-schema-graph\">{\"@context\":\"https:\\\/\\\/schema.org\",\"@graph\":[{\"@type\":\"WebPage\",\"@id\":\"https:\\\/\\\/dpclinicalhairproducts.com\\\/product\\\/zl-zinc-lion\\\/\",\"url\":\"https:\\\/\\\/dpclinicalhairproducts.com\\\/product\\\/zl-zinc-lion\\\/\",\"name\":\"ZL zinc lion - dpclinicalhairproducts.com\",\"isPartOf\":{\"@id\":\"https:\\\/\\\/royalblue-mantis-799599.hostingersite.com\\\/#website\"},\"primaryImageOfPage\":{\"@id\":\"https:\\\/\\\/dpclinicalhairproducts.com\\\/product\\\/zl-zinc-lion\\\/#primaryimage\"},\"image\":{\"@id\":\"https:\\\/\\\/dpclinicalhairproducts.com\\\/product\\\/zl-zinc-lion\\\/#primaryimage\"},\"thumbnailUrl\":\"https:\\\/\\\/dpclinicalhairproducts.com\\\/wp-content\\\/uploads\\\/2024\\\/06\\\/123.png\",\"datePublished\":\"2024-06-27T13:20:30+00:00\",\"dateModified\":\"2026-04-01T11:24:12+00:00\",\"breadcrumb\":{\"@id\":\"https:\\\/\\\/dpclinicalhairproducts.com\\\/product\\\/zl-zinc-lion\\\/#breadcrumb\"},\"inLanguage\":\"en-GB\",\"potentialAction\":[{\"@type\":\"ReadAction\",\"target\":[\"https:\\\/\\\/dpclinicalhairproducts.com\\\/product\\\/zl-zinc-lion\\\/\"]}]},{\"@type\":\"ImageObject\",\"inLanguage\":\"en-GB\",\"@id\":\"https:\\\/\\\/dpclinicalhairproducts.com\\\/product\\\/zl-zinc-lion\\\/#primaryimage\",\"url\":\"https:\\\/\\\/dpclinicalhairproducts.com\\\/wp-content\\\/uploads\\\/2024\\\/06\\\/123.png\",\"contentUrl\":\"https:\\\/\\\/dpclinicalhairproducts.com\\\/wp-content\\\/uploads\\\/2024\\\/06\\\/123.png\",\"width\":1080,\"height\":1080,\"caption\":\"Zinc Lion Mascarilla\"},{\"@type\":\"BreadcrumbList\",\"@id\":\"https:\\\/\\\/dpclinicalhairproducts.com\\\/product\\\/zl-zinc-lion\\\/#breadcrumb\",\"itemListElement\":[{\"@type\":\"ListItem\",\"position\":1,\"name\":\"Portada\",\"item\":\"https:\\\/\\\/dpclinicalhairproducts.com\\\/\"},{\"@type\":\"ListItem\",\"position\":2,\"name\":\"collection\",\"item\":\"https:\\\/\\\/royalblue-mantis-799599.hostingersite.com\\\/collection\\\/\"},{\"@type\":\"ListItem\",\"position\":3,\"name\":\"ZL zinc lion\"}]},{\"@type\":\"WebSite\",\"@id\":\"https:\\\/\\\/royalblue-mantis-799599.hostingersite.com\\\/#website\",\"url\":\"https:\\\/\\\/royalblue-mantis-799599.hostingersite.com\\\/\",\"name\":\"dpclinicalhairproducts.com\",\"description\":\"Productos cl\u00ednicos para el cuidado del cabello: prevenci\u00f3n de la ca\u00edda del cabello, sustento despu\u00e9s de implantaciones capilares\",\"potentialAction\":[{\"@type\":\"SearchAction\",\"target\":{\"@type\":\"EntryPoint\",\"urlTemplate\":\"https:\\\/\\\/royalblue-mantis-799599.hostingersite.com\\\/?s={search_term_string}\"},\"query-input\":{\"@type\":\"PropertyValueSpecification\",\"valueRequired\":true,\"valueName\":\"search_term_string\"}}],\"inLanguage\":\"en-GB\"}]}<\/script>\n<!-- \/ Yoast SEO plugin. -->","yoast_head_json":{"title":"ZL zinc lion - dpclinicalhairproducts.com","robots":{"index":"index","follow":"follow","max-snippet":"max-snippet:-1","max-image-preview":"max-image-preview:large","max-video-preview":"max-video-preview:-1"},"canonical":"https:\/\/dpclinicalhairproducts.com\/en\/product\/zl-zinc-lion\/","og_locale":"en_GB","og_type":"article","og_title":"ZL zinc lion - dpclinicalhairproducts.com","og_description":"Mascarilla reparadora.Con extracto natural de 7 hierbas. F\u00f3rmula equilibrada que se adhiere al cabello y penetra en la cut\u00edcula, nutri\u00e9ndolo y repar\u00e1ndolo.Incorpora un complejo de 7 hierbas naturales que nutren, reparan y protegen el cabello.- Tussilago Farfara: regula la sensibilidad del cuero cabelludo.- Thymus Serpillum: acci\u00f3n antioxidante y bals\u00e1mica.- Achillea Millefolium: acci\u00f3n refrescante, purificante y antiirritante.- Equisetum Arvense: aporta elasticidad y regula el sebo del cuero cabelludo.- Betula Alba: estimula el cuero cabelludo, act\u00faa contra la grasa.- Urtica Dioica: acondiciona, anticaspa, antigrasa y tonifica el cuero cabelludo.- Rosmarinus Officinalis: acci\u00f3n antioxidante, purificante, reactivadora y estimulante.- C\u00e9lulas Madre de Naranja: contienen amino\u00e1cidos, especialmente prolina y beta\u00edna, adem\u00e1s de \u00e1cidos org\u00e1nicos, az\u00facares, p\u00e9ptidos y prote\u00ednas. Purifican, regeneran y renuevan las c\u00e9lulas del cuero cabelludo.*No se realizan devoluciones ni reembolsos debido a la naturaleza de los productos*","og_url":"https:\/\/dpclinicalhairproducts.com\/en\/product\/zl-zinc-lion\/","og_site_name":"dpclinicalhairproducts.com","article_modified_time":"2026-04-01T11:24:12+00:00","og_image":[{"width":1080,"height":1080,"url":"https:\/\/dpclinicalhairproducts.com\/wp-content\/uploads\/2024\/06\/123.png","type":"image\/png"}],"twitter_card":"summary_large_image","twitter_misc":{"Estimated reading time":"2 minutes"},"schema":{"@context":"https:\/\/schema.org","@graph":[{"@type":"WebPage","@id":"https:\/\/dpclinicalhairproducts.com\/product\/zl-zinc-lion\/","url":"https:\/\/dpclinicalhairproducts.com\/product\/zl-zinc-lion\/","name":"ZL zinc lion - dpclinicalhairproducts.com","isPartOf":{"@id":"https:\/\/royalblue-mantis-799599.hostingersite.com\/#website"},"primaryImageOfPage":{"@id":"https:\/\/dpclinicalhairproducts.com\/product\/zl-zinc-lion\/#primaryimage"},"image":{"@id":"https:\/\/dpclinicalhairproducts.com\/product\/zl-zinc-lion\/#primaryimage"},"thumbnailUrl":"https:\/\/dpclinicalhairproducts.com\/wp-content\/uploads\/2024\/06\/123.png","datePublished":"2024-06-27T13:20:30+00:00","dateModified":"2026-04-01T11:24:12+00:00","breadcrumb":{"@id":"https:\/\/dpclinicalhairproducts.com\/product\/zl-zinc-lion\/#breadcrumb"},"inLanguage":"en-GB","potentialAction":[{"@type":"ReadAction","target":["https:\/\/dpclinicalhairproducts.com\/product\/zl-zinc-lion\/"]}]},{"@type":"ImageObject","inLanguage":"en-GB","@id":"https:\/\/dpclinicalhairproducts.com\/product\/zl-zinc-lion\/#primaryimage","url":"https:\/\/dpclinicalhairproducts.com\/wp-content\/uploads\/2024\/06\/123.png","contentUrl":"https:\/\/dpclinicalhairproducts.com\/wp-content\/uploads\/2024\/06\/123.png","width":1080,"height":1080,"caption":"Zinc Lion Mascarilla"},{"@type":"BreadcrumbList","@id":"https:\/\/dpclinicalhairproducts.com\/product\/zl-zinc-lion\/#breadcrumb","itemListElement":[{"@type":"ListItem","position":1,"name":"Portada","item":"https:\/\/dpclinicalhairproducts.com\/"},{"@type":"ListItem","position":2,"name":"collection","item":"https:\/\/royalblue-mantis-799599.hostingersite.com\/collection\/"},{"@type":"ListItem","position":3,"name":"ZL zinc lion"}]},{"@type":"WebSite","@id":"https:\/\/royalblue-mantis-799599.hostingersite.com\/#website","url":"https:\/\/royalblue-mantis-799599.hostingersite.com\/","name":"dpclinicalhairproducts.com","description":"Productos cl\u00ednicos para el cuidado del cabello: prevenci\u00f3n de la ca\u00edda del cabello, sustento despu\u00e9s de implantaciones capilares","potentialAction":[{"@type":"SearchAction","target":{"@type":"EntryPoint","urlTemplate":"https:\/\/royalblue-mantis-799599.hostingersite.com\/?s={search_term_string}"},"query-input":{"@type":"PropertyValueSpecification","valueRequired":true,"valueName":"search_term_string"}}],"inLanguage":"en-GB"}]}},"_links":{"self":[{"href":"https:\/\/dpclinicalhairproducts.com\/en\/wp-json\/wp\/v2\/product\/208","targetHints":{"allow":["GET"]}}],"collection":[{"href":"https:\/\/dpclinicalhairproducts.com\/en\/wp-json\/wp\/v2\/product"}],"about":[{"href":"https:\/\/dpclinicalhairproducts.com\/en\/wp-json\/wp\/v2\/types\/product"}],"wp:featuredmedia":[{"embeddable":true,"href":"https:\/\/dpclinicalhairproducts.com\/en\/wp-json\/wp\/v2\/media\/217"}],"wp:attachment":[{"href":"https:\/\/dpclinicalhairproducts.com\/en\/wp-json\/wp\/v2\/media?parent=208"}],"wp:term":[{"taxonomy":"product_brand","embeddable":true,"href":"https:\/\/dpclinicalhairproducts.com\/en\/wp-json\/wp\/v2\/product_brand?post=208"},{"taxonomy":"product_cat","embeddable":true,"href":"https:\/\/dpclinicalhairproducts.com\/en\/wp-json\/wp\/v2\/product_cat?post=208"},{"taxonomy":"product_tag","embeddable":true,"href":"https:\/\/dpclinicalhairproducts.com\/en\/wp-json\/wp\/v2\/product_tag?post=208"}],"curies":[{"name":"wp","href":"https:\/\/api.w.org\/{rel}","templated":true}]}}