{"id":8,"date":"2024-05-24T08:37:21","date_gmt":"2024-05-24T08:37:21","guid":{"rendered":"https:\/\/nicolemartins.com\/?page_id=8"},"modified":"2026-04-22T12:19:42","modified_gmt":"2026-04-22T12:19:42","slug":"productos-para-el-cabello","status":"publish","type":"page","link":"https:\/\/dpclinicalhairproducts.com\/en\/","title":{"rendered":"Home"},"content":{"rendered":"<p>[et_pb_section fb_built=\u00bb1&#8243; _builder_version=\u00bb4.27.5&#8243; _module_preset=\u00bbdefault\u00bb background_size=\u00bbcontain\u00bb custom_margin=\u00bb||32px|||\u00bb custom_padding=\u00bb0px|31px|38px|31px||true\u00bb hover_enabled=\u00bb0&#8243; background_last_edited=\u00bbon|phone\u00bb parallax_phone=\u00bboff\u00bb parallax_method_phone=\u00bboff\u00bb background_size_phone=\u00bbinitial\u00bb global_colors_info=\u00bb{}\u00bb sticky_enabled=\u00bb0&#8243; background_enable_image=\u00bboff\u00bb][et_pb_row _builder_version=\u00bb4.27.5&#8243; _module_preset=\u00bbdefault\u00bb hover_enabled=\u00bb0&#8243; sticky_enabled=\u00bb0&#8243;][et_pb_column _builder_version=\u00bb4.27.5&#8243; _module_preset=\u00bbdefault\u00bb type=\u00bb4_4&#8243;][et_pb_image src=\u00bbhttps:\/\/dpclinicalhairproducts.com\/wp-content\/uploads\/2024\/05\/dp_banner_producto_3-1000&#215;500-1.jpg\u00bb _builder_version=\u00bb4.27.5&#8243; _module_preset=\u00bbdefault\u00bb alt=\u00bbchamp\u00fas acondicionadores tratamientos especializados\u00bb title_text=\u00bbdp_banner_producto_3-1000&#215;500&#8243; hover_enabled=\u00bb0&#8243; sticky_enabled=\u00bb0&#8243; custom_padding=\u00bb0px|||||\u00bb][\/et_pb_image][\/et_pb_column][\/et_pb_row][\/et_pb_section][et_pb_section fb_built=\u00bb1&#8243; _builder_version=\u00bb4.26.1&#8243; _module_preset=\u00bbdefault\u00bb custom_margin=\u00bb-3px|||||\u00bb custom_padding=\u00bb0px||0px|||\u00bb global_colors_info=\u00bb{}\u00bb][et_pb_row use_custom_gutter=\u00bbon\u00bb make_equal=\u00bbon\u00bb _builder_version=\u00bb4.26.1&#8243; _module_preset=\u00bbdefault\u00bb max_width=\u00bb1851px\u00bb module_alignment=\u00bbcenter\u00bb custom_margin=\u00bb-9px|auto||auto||\u00bb custom_padding=\u00bb7px||16px|||\u00bb module_alignment_tablet=\u00bbcenter\u00bb module_alignment_phone=\u00bbcenter\u00bb module_alignment_last_edited=\u00bbon|phone\u00bb global_colors_info=\u00bb{}\u00bb][et_pb_column type=\u00bb4_4&#8243; _builder_version=\u00bb4.26.1&#8243; _module_preset=\u00bbdefault\u00bb global_colors_info=\u00bb{}\u00bb][et_pb_text _builder_version=\u00bb4.27.4&#8243; _module_preset=\u00bbdefault\u00bb text_text_color=\u00bb#000000&#8243; text_font_size=\u00bb20px\u00bb header_font=\u00bb|800|||||||\u00bb header_text_align=\u00bbcenter\u00bb header_font_size=\u00bb37px\u00bb custom_margin=\u00bb8px|||||\u00bb global_colors_info=\u00bb{}\u00bb]<\/p>\n<h1 class=\"AnswerParser_ChrpVTwoAnswerParserH4__qUBTd\" style=\"text-align: center;\">Bienvenidos a DP Clinical Hair Products<\/h1>\n<p style=\"text-align: center;\"><span class=\"AnswerParser_ChrpVTwoTextContainer__TrGZs\" data-testid=\"youchat-text\">En <strong>DP Clinical Hair Products<\/strong>, nos enorgullecemos de ser su destino n\u00famero uno para <strong>champ\u00fas<\/strong>, <strong>acondicionadores<\/strong> y <strong>tratamientos especializados<\/strong> que transformar\u00e1n su rutina de cuidado capilar. <\/span><\/p>\n<p style=\"text-align: center;\"><span class=\"AnswerParser_ChrpVTwoTextContainer__TrGZs\" data-testid=\"youchat-text\">Nuestro compromiso es ofrecer productos capilares de alta calidad que no solo embellezcan su cabello, sino que tambi\u00e9n mejoren su salud capilar con ingredientes cl\u00ednicamente probados.<\/span><\/p>\n<p style=\"text-align: center;\"><span class=\"AnswerParser_ChrpVTwoTextContainer__TrGZs\" data-testid=\"youchat-text\"><\/span><\/p>\n<p style=\"text-align: center;\"><span class=\"AnswerParser_ChrpVTwoTextContainer__TrGZs\" data-testid=\"youchat-text\">En nuestro sitio web, encontrar\u00e1 una amplia gama de <strong>champ\u00fas<\/strong> dise\u00f1ados para satisfacer las necesidades espec\u00edficas de todo tipo de cabello. Ya sea que est\u00e9 buscando un <strong>champ\u00fa<\/strong> hidratante, fortalecedor o anti-caspa, tenemos la soluci\u00f3n perfecta para usted. <\/span><span class=\"AnswerParser_ChrpVTwoTextContainer__TrGZs\" data-testid=\"youchat-text\"><\/span><\/p>\n<p style=\"text-align: center;\"><span class=\"AnswerParser_ChrpVTwoTextContainer__TrGZs\" data-testid=\"youchat-text\"><\/span><\/p>\n<p style=\"text-align: center;\"><span class=\"AnswerParser_ChrpVTwoTextContainer__TrGZs\" data-testid=\"youchat-text\">Desde tratamientos para la ca\u00edda del cabello hasta mascarillas reparadoras profundas, nuestros <strong>tratamientos especializados<\/strong> est\u00e1n formulados para ofrecer resultados visibles y duraderos. Utilizamos ingredientes innovadores y efectivos que penetran profundamente en la fibra capilar, restaurando la salud y vitalidad de su cabello. <\/span><span class=\"AnswerParser_ChrpVTwoTextContainer__TrGZs\" data-testid=\"youchat-text\">En <strong>DP Clinical Hair Products<\/strong>, nos dedicamos a brindar productos seguros y efectivos que realmente marcan la diferencia. Explore nuestro cat\u00e1logo en l\u00ednea y descubra c\u00f3mo nuestros <strong>champ\u00fas<\/strong>, <strong>acondicionadores<\/strong> y <strong>tratamientos especializados<\/strong> pueden transformar su cabello. <\/span><\/p>\n<p style=\"text-align: center;\"><span class=\"AnswerParser_ChrpVTwoTextContainer__TrGZs\" data-testid=\"youchat-text\">\u00a1Vis\u00edtenos hoy y d\u00e9le a su cabello el cuidado que se merece!<\/span><\/p>\n<p>[\/et_pb_text][\/et_pb_column][\/et_pb_row][et_pb_row use_custom_gutter=\u00bbon\u00bb make_equal=\u00bbon\u00bb _builder_version=\u00bb4.24.3&#8243; _module_preset=\u00bbdefault\u00bb max_width=\u00bb1502px\u00bb module_alignment=\u00bbcenter\u00bb custom_margin=\u00bb8px|auto|9px|138px||\u00bb custom_padding=\u00bb38px||10px|||\u00bb global_colors_info=\u00bb{}\u00bb][et_pb_column type=\u00bb4_4&#8243; _builder_version=\u00bb4.24.3&#8243; _module_preset=\u00bbdefault\u00bb global_colors_info=\u00bb{}\u00bb][et_pb_shop type=\u00bbproduct_category\u00bb include_categories=\u00bb17,23,25,current,20,19,22,24,21,18&#8243; columns_number=\u00bb4&#8243; icon_hover_color=\u00bb#000000&#8243; hover_overlay_color=\u00bbrgba(224,153,0,0.16)\u00bb show_sale_badge=\u00bboff\u00bb _builder_version=\u00bb4.27.5&#8243; _module_preset=\u00bbdefault\u00bb custom_margin=\u00bb||14px|||\u00bb border_color_all_image=\u00bb#000000&#8243; box_shadow_style_image=\u00bbpreset3&#8243; global_colors_info=\u00bb{}\u00bb][\/et_pb_shop][et_pb_text _builder_version=\u00bb4.27.4&#8243; _module_preset=\u00bbdefault\u00bb text_font=\u00bb|||on|||||\u00bb text_text_color=\u00bb#000000&#8243; text_font_size=\u00bb16px\u00bb header_2_text_align=\u00bbcenter\u00bb header_2_font_size=\u00bb14px\u00bb text_orientation=\u00bbcenter\u00bb custom_padding=\u00bb||37px|||\u00bb global_colors_info=\u00bb{}\u00bb]<\/p>\n<p><span class=\"AnswerParser_ChrpVTwoTextContainer__TrGZs\" data-testid=\"youchat-text\">Nuestros <strong>champ\u00fas<\/strong> est\u00e1n formulados con ingredientes naturales y avanzados que limpian profundamente el cuero cabelludo y promueven un cabello m\u00e1s saludable y fuerte.<\/span> <span class=\"AnswerParser_ChrpVTwoTextContainer__TrGZs\" data-testid=\"youchat-text\">Adem\u00e1s de nuestros <strong>champ\u00fas<\/strong>, ofrecemos una variedad de <strong>acondicionadores<\/strong> que complementan su rutina de cuidado capilar. <\/span><\/p>\n<p><span class=\"AnswerParser_ChrpVTwoTextContainer__TrGZs\" data-testid=\"youchat-text\">Nuestros <strong>acondicionadores<\/strong> est\u00e1n dise\u00f1ados para desenredar, suavizar y nutrir su cabello, dej\u00e1ndolo manejable y con un brillo radiante. Ya sea que necesite un <strong>acondicionador<\/strong> para cabello seco, da\u00f1ado o te\u00f1ido, en DP Clinical Hair Products encontrar\u00e1 el producto ideal.<\/span><\/p>\n<p><span class=\"AnswerParser_ChrpVTwoTextContainer__TrGZs\" data-testid=\"youchat-text\"><\/span><span class=\"AnswerParser_ChrpVTwoTextContainer__TrGZs\" data-testid=\"youchat-text\">Para aquellos que buscan soluciones m\u00e1s espec\u00edficas, nuestros <strong>tratamientos especializados<\/strong> son perfectos para abordar problemas capilares particulares. <\/span><\/p>\n<p>[\/et_pb_text][\/et_pb_column][\/et_pb_row][et_pb_row column_structure=\u00bb1_3,1_3,1_3&#8243; use_custom_gutter=\u00bbon\u00bb make_equal=\u00bbon\u00bb _builder_version=\u00bb4.25.1&#8243; _module_preset=\u00bbdefault\u00bb width=\u00bb97%\u00bb max_width=\u00bb2116px\u00bb module_alignment=\u00bbcenter\u00bb custom_margin=\u00bb2px|auto||auto||\u00bb custom_padding=\u00bb0px|53px||53px||true\u00bb global_colors_info=\u00bb{}\u00bb][et_pb_column type=\u00bb1_3&#8243; _builder_version=\u00bb4.25.1&#8243; _module_preset=\u00bbdefault\u00bb global_colors_info=\u00bb{}\u00bb][et_pb_image src=\u00bbhttps:\/\/dpclinicalhairproducts.com\/wp-content\/uploads\/2024\/05\/banner-themaneclub-600&#215;300-1.jpg\u00bb title_text=\u00bbbanner-themaneclub-600&#215;300&#8243; url=\u00bbhttps:\/\/drpanno.com\u00bb _builder_version=\u00bb4.26.0&#8243; _module_preset=\u00bbdefault\u00bb box_shadow_style=\u00bbpreset3&#8243; global_colors_info=\u00bb{}\u00bb][\/et_pb_image][\/et_pb_column][et_pb_column type=\u00bb1_3&#8243; _builder_version=\u00bb4.25.1&#8243; _module_preset=\u00bbdefault\u00bb global_colors_info=\u00bb{}\u00bb][et_pb_image src=\u00bbhttps:\/\/dpclinicalhairproducts.com\/wp-content\/uploads\/2024\/05\/banner-tarjetasregalo-600&#215;300-1.jpeg\u00bb title_text=\u00bbbanner-tarjetasregalo-600&#215;300&#8243; url=\u00bb@ET-DC@eyJkeW5hbWljIjp0cnVlLCJjb250ZW50IjoicG9zdF9saW5rX3VybF9wcm9kdWN0Iiwic2V0dGluZ3MiOnsicG9zdF9pZCI6IjE5NyJ9fQ==@\u00bb _builder_version=\u00bb4.26.0&#8243; _dynamic_attributes=\u00bburl\u00bb _module_preset=\u00bbdefault\u00bb box_shadow_style=\u00bbpreset3&#8243; global_colors_info=\u00bb{}\u00bb][\/et_pb_image][\/et_pb_column][et_pb_column type=\u00bb1_3&#8243; _builder_version=\u00bb4.25.1&#8243; _module_preset=\u00bbdefault\u00bb global_colors_info=\u00bb{}\u00bb][et_pb_image src=\u00bbhttps:\/\/dpclinicalhairproducts.com\/wp-content\/uploads\/2024\/05\/banner-libro-600&#215;300-1.jpg\u00bb title_text=\u00bbbanner-libro-600&#215;300&#8243; url=\u00bb@ET-DC@eyJkeW5hbWljIjp0cnVlLCJjb250ZW50IjoicG9zdF9saW5rX3VybF9wcm9kdWN0Iiwic2V0dGluZ3MiOnsicG9zdF9pZCI6IjIwMiJ9fQ==@\u00bb _builder_version=\u00bb4.26.0&#8243; _dynamic_attributes=\u00bburl\u00bb _module_preset=\u00bbdefault\u00bb box_shadow_style=\u00bbpreset3&#8243; global_colors_info=\u00bb{}\u00bb][\/et_pb_image][\/et_pb_column][\/et_pb_row][et_pb_row column_structure=\u00bb1_2,1_2&#8243; make_equal=\u00bbon\u00bb _builder_version=\u00bb4.25.1&#8243; _module_preset=\u00bbdefault\u00bb background_color=\u00bbrgba(191,174,154,0.3)\u00bb width=\u00bb83%\u00bb max_width=\u00bb1435px\u00bb module_alignment=\u00bbcenter\u00bb custom_margin=\u00bb3px|229px||229px||true\u00bb box_shadow_style=\u00bbpreset1&#8243; global_colors_info=\u00bb{}\u00bb][et_pb_column type=\u00bb1_2&#8243; _builder_version=\u00bb4.24.3&#8243; _module_preset=\u00bbdefault\u00bb global_colors_info=\u00bb{}\u00bb][et_pb_text _builder_version=\u00bb4.26.0&#8243; _module_preset=\u00bbdefault\u00bb text_font=\u00bb|||||on|||\u00bb text_text_color=\u00bb#000000&#8243; text_font_size=\u00bb18px\u00bb header_font=\u00bb|800||||on|||\u00bb header_text_color=\u00bb#000000&#8243; header_2_font=\u00bb&#8211;et_global_heading_font|600|||||||\u00bb header_2_text_align=\u00bbcenter\u00bb header_2_font_size=\u00bb32px\u00bb header_3_font=\u00bb|700||||on|||\u00bb header_3_text_align=\u00bbcenter\u00bb header_3_font_size=\u00bb24px\u00bb text_orientation=\u00bbcenter\u00bb custom_padding=\u00bb31px||1px|||\u00bb link_option_url_new_window=\u00bbon\u00bb global_colors_info=\u00bb{}\u00bb]<\/p>\n<div class=\"custom_font_holder\" style=\"font-family: Lora; font-size: 20px; line-height: 26px; font-style: italic; font-weight: 400; color: #c09f66; text-decoration: none; letter-spacing: 1px; border: 0px solid; text-align: center;\"><\/div>\n<div class=\"custom_font_holder\" style=\"font-family: Lora; font-size: 20px; line-height: 26px; font-style: italic; font-weight: 400; color: #c09f66; text-decoration: none; letter-spacing: 1px; border: 0px solid; text-align: center;\"><\/div>\n<div class=\"custom_font_holder\" style=\"font-family: Lora; font-size: 20px; line-height: 26px; font-style: italic; font-weight: 400; color: #c09f66; text-decoration: none; letter-spacing: 1px; border: 0px solid; text-align: center;\"><\/div>\n<div class=\"custom_font_holder\" style=\"font-family: Lora; font-size: 20px; line-height: 26px; font-style: italic; font-weight: 400; color: #c09f66; text-decoration: none; letter-spacing: 1px; border: 0px solid; text-align: center;\"><\/div>\n<div class=\"custom_font_holder\" style=\"font-family: Lora; font-size: 20px; line-height: 26px; font-style: italic; font-weight: 400; color: #c09f66; text-decoration: none; letter-spacing: 1px; border: 0px solid; text-align: center;\"><\/div>\n<div class=\"custom_font_holder\" style=\"font-family: Lora; font-size: 20px; line-height: 26px; font-style: italic; font-weight: 400; color: #c09f66; text-decoration: none; letter-spacing: 1px; border: 0px solid; text-align: center;\"><\/div>\n<div class=\"custom_font_holder\" style=\"font-family: Lora; font-size: 20px; line-height: 26px; font-style: italic; font-weight: 400; color: #c09f66; text-decoration: none; letter-spacing: 1px; border: 0px solid; text-align: center;\"><\/div>\n<div class=\"custom_font_holder\" style=\"font-family: Lora; font-size: 20px; line-height: 26px; font-style: italic; font-weight: 400; color: #c09f66; text-decoration: none; letter-spacing: 1px; border: 0px solid; text-align: center;\"><\/div>\n<div class=\"custom_font_holder\" style=\"font-family: Lora; font-size: 20px; line-height: 26px; font-style: italic; font-weight: 400; color: #c09f66; text-decoration: none; letter-spacing: 1px; border: 0px solid; text-align: center;\"><\/div>\n<h2 class=\"custom_font_holder\" style=\"font-family: Lora; font-size: 20px; line-height: 26px; font-style: italic; font-weight: 400; color: #c09f66; text-decoration: none; letter-spacing: 1px; border: 0px solid; text-align: center;\"><strong>Dr. Ezequiel Panno<\/strong><\/h2>\n<div class=\"separator  transparent   \" style=\"margin-top: 10px; margin-bottom: 0px; text-align: center;\">\n<div class=\"wpb_wrapper\">\n<h3>Cirujano capilar<\/h3>\n<\/div>\n<\/div>\n<div class=\"separator  transparent   \" style=\"margin-top: 40px; margin-bottom: 0px; text-align: center;\"><\/div>\n<div class=\"wpb_text_column wpb_content_element  vc_custom_1654083443990\">\n<div class=\"wpb_wrapper\">\n<p style=\"text-align: center;\">El Dr. Panno es Licenciado en Medicina y Cirug\u00eda. M\u00e9dico Tric\u00f3logo y Cirujano especialista en Trasplante Capilar y Terapia Regenerativa Antialop\u00e9cica.<\/p>\n<p style=\"text-align: center;\">Es miembro de la\u00a0<a href=\"https:\/\/www.cgcom.es\/omc\"><strong>Organizaci\u00f3n M\u00e9dica Colegial de Espa\u00f1a<\/strong><\/a>.<\/p>\n<\/div>\n<\/div>\n<p>[\/et_pb_text][et_pb_button button_url=\u00bbhttps:\/\/drpanno.com\u00bb url_new_window=\u00bbon\u00bb button_text=\u00bbM\u00e1s informaci\u00f3n\u00bb button_alignment=\u00bbcenter\u00bb _builder_version=\u00bb4.24.3&#8243; _module_preset=\u00bbdefault\u00bb custom_button=\u00bbon\u00bb button_text_color=\u00bb#FFFFFF\u00bb button_bg_color=\u00bb#000000&#8243; button_border_width=\u00bb0px\u00bb button_font=\u00bb|300||||on|||\u00bb global_colors_info=\u00bb{}\u00bb][\/et_pb_button][\/et_pb_column][et_pb_column type=\u00bb1_2&#8243; _builder_version=\u00bb4.24.3&#8243; _module_preset=\u00bbdefault\u00bb global_colors_info=\u00bb{}\u00bb][et_pb_image src=\u00bbhttps:\/\/dpclinicalhairproducts.com\/wp-content\/uploads\/2024\/05\/drpanno_despacho-3-1300&#215;1154-1.jpeg\u00bb title_text=\u00bbdrpanno_despacho-3-1300&#215;1154&#8243; _builder_version=\u00bb4.26.0&#8243; _module_preset=\u00bbdefault\u00bb custom_padding=\u00bb|39px||39px||true\u00bb box_shadow_style=\u00bbpreset1&#8243; global_colors_info=\u00bb{}\u00bb][\/et_pb_image][\/et_pb_column][\/et_pb_row][et_pb_row column_structure=\u00bb1_2,1_2&#8243; make_equal=\u00bbon\u00bb _builder_version=\u00bb4.24.3&#8243; _module_preset=\u00bbdefault\u00bb background_color=\u00bbRGBA(255,255,255,0)\u00bb width=\u00bb83%\u00bb max_width=\u00bb1435px\u00bb module_alignment=\u00bbcenter\u00bb custom_margin=\u00bb43px|auto|117px|auto||\u00bb custom_padding=\u00bb||11px|||\u00bb animation_style=\u00bbflip\u00bb global_colors_info=\u00bb{}\u00bb][et_pb_column type=\u00bb1_2&#8243; _builder_version=\u00bb4.24.3&#8243; _module_preset=\u00bbdefault\u00bb global_colors_info=\u00bb{}\u00bb][et_pb_image src=\u00bbhttps:\/\/dpclinicalhairproducts.com\/wp-content\/uploads\/2024\/05\/dp_banner_producto_3-1000&#215;500-2.jpg\u00bb title_text=\u00bbdp_banner_producto_3-1000&#215;500&#8243; _builder_version=\u00bb4.24.3&#8243; _module_preset=\u00bbdefault\u00bb custom_padding=\u00bb|22px||22px||true\u00bb global_colors_info=\u00bb{}\u00bb][\/et_pb_image][\/et_pb_column][et_pb_column type=\u00bb1_2&#8243; _builder_version=\u00bb4.24.3&#8243; _module_preset=\u00bbdefault\u00bb global_colors_info=\u00bb{}\u00bb][et_pb_text _builder_version=\u00bb4.27.4&#8243; _module_preset=\u00bbdefault\u00bb text_font=\u00bb|||||on|||\u00bb text_text_color=\u00bb#000000&#8243; text_font_size=\u00bb18px\u00bb header_font=\u00bb|800||||on|||\u00bb header_text_color=\u00bb#000000&#8243; header_2_font=\u00bb|700|||||||\u00bb header_2_text_color=\u00bb#000000&#8243; header_3_font=\u00bb|700||||on|||\u00bb header_3_text_align=\u00bbcenter\u00bb header_3_font_size=\u00bb30px\u00bb link_option_url_new_window=\u00bbon\u00bb global_colors_info=\u00bb{}\u00bb]<\/p>\n<h2 class=\"custom_font_holder\" style=\"font-family: Lora; font-size: 20px; line-height: 26px; font-style: italic; font-weight: 400; color: #c09f66; text-decoration: none; letter-spacing: 1px; border: 0px solid; text-align: left;\">Descubre las \u00faltimas novedades<\/h2>\n<div class=\"separator  transparent   \" style=\"margin-top: 10px; margin-bottom: 0px;\"><\/div>\n<div class=\"wpb_text_column wpb_content_element \">\n<div class=\"wpb_wrapper\">\n<h2><span style=\"font-weight: 400;\"><strong> Tratamientos capilares<\/strong><\/span><\/h2>\n<\/div>\n<\/div>\n<div class=\"separator  transparent   \" style=\"margin-top: 40px; margin-bottom: 0px;\"><\/div>\n<div class=\"wpb_text_column wpb_content_element \">\n<div class=\"wpb_wrapper\">\n<p><span style=\"font-weight: 400;\">Somos especialistas en <strong>tratamientos capilares,<\/strong> tanto para hombres como para mujeres, que permiten mejorar la calidad del cabello y dotarlo de un aspecto m\u00e1s saludable mediante la aplicaci\u00f3n de diferentes t\u00e9cnicas o terapias para las que no se requiere cirug\u00eda.<\/span><\/p>\n<\/div>\n<\/div>\n<p>[\/et_pb_text][et_pb_button button_url=\u00bbhttps:\/\/drpanno.com\u00bb url_new_window=\u00bbon\u00bb button_text=\u00bbM\u00e1s informaci\u00f3n\u00bb button_alignment=\u00bbleft\u00bb _builder_version=\u00bb4.24.3&#8243; _module_preset=\u00bbdefault\u00bb custom_button=\u00bbon\u00bb button_text_color=\u00bb#FFFFFF\u00bb button_bg_color=\u00bb#000000&#8243; button_border_width=\u00bb0px\u00bb button_font=\u00bb|300||||on|||\u00bb global_colors_info=\u00bb{}\u00bb][\/et_pb_button][\/et_pb_column][\/et_pb_row][\/et_pb_section]<\/p>\n","protected":false},"excerpt":{"rendered":"<p>Bienvenidos a DP Clinical Hair Products En DP Clinical Hair Products, nos enorgullecemos de ser su destino n\u00famero uno para champ\u00fas, acondicionadores y tratamientos especializados que transformar\u00e1n su rutina de cuidado capilar. Nuestro compromiso es ofrecer productos capilares de alta calidad que no solo embellezcan su cabello, sino que tambi\u00e9n mejoren su salud capilar con [&hellip;]<\/p>\n","protected":false},"author":1,"featured_media":0,"parent":0,"menu_order":0,"comment_status":"closed","ping_status":"closed","template":"","meta":{"_et_pb_use_builder":"on","_et_pb_old_content":"","_et_gb_content_width":"","footnotes":""},"class_list":["post-8","page","type-page","status-publish","hentry"],"yoast_head":"<!-- This site is optimized with the Yoast SEO plugin v27.4 - https:\/\/yoast.com\/product\/yoast-seo-wordpress\/ -->\n<title>Inicio - dpclinicalhairproducts.com champ\u00fas acondicionadores tratamientos especializados<\/title>\n<meta name=\"description\" content=\"DP Clinical Hair: champ\u00fas, acondicionadores y tratamientos especializados dise\u00f1ados para brindar resultados excepcionales y cuidar tu cabello con eficacia.\" \/>\n<meta name=\"robots\" content=\"index, follow, max-snippet:-1, max-image-preview:large, max-video-preview:-1\" \/>\n<link rel=\"canonical\" href=\"https:\/\/dpclinicalhairproducts.com\/en\/\" \/>\n<meta property=\"og:locale\" content=\"en_GB\" \/>\n<meta property=\"og:type\" content=\"article\" \/>\n<meta property=\"og:title\" content=\"Inicio - dpclinicalhairproducts.com champ\u00fas acondicionadores tratamientos especializados\" \/>\n<meta property=\"og:description\" content=\"DP Clinical Hair: champ\u00fas, acondicionadores y tratamientos especializados dise\u00f1ados para brindar resultados excepcionales y cuidar tu cabello con eficacia.\" \/>\n<meta property=\"og:url\" content=\"https:\/\/dpclinicalhairproducts.com\/en\/\" \/>\n<meta property=\"og:site_name\" content=\"dpclinicalhairproducts.com\" \/>\n<meta property=\"article:modified_time\" content=\"2026-04-22T12:19:42+00:00\" \/>\n<meta name=\"twitter:card\" content=\"summary_large_image\" \/>\n<meta name=\"twitter:label1\" content=\"Estimated reading time\" \/>\n\t<meta name=\"twitter:data1\" content=\"6 minutes\" \/>\n<script type=\"application\/ld+json\" class=\"yoast-schema-graph\">{\"@context\":\"https:\\\/\\\/schema.org\",\"@graph\":[{\"@type\":\"WebPage\",\"@id\":\"https:\\\/\\\/dpclinicalhairproducts.com\\\/\",\"url\":\"https:\\\/\\\/dpclinicalhairproducts.com\\\/\",\"name\":\"Inicio - dpclinicalhairproducts.com champ\u00fas acondicionadores tratamientos especializados\",\"isPartOf\":{\"@id\":\"https:\\\/\\\/royalblue-mantis-799599.hostingersite.com\\\/#website\"},\"datePublished\":\"2024-05-24T08:37:21+00:00\",\"dateModified\":\"2026-04-22T12:19:42+00:00\",\"description\":\"DP Clinical Hair: champ\u00fas, acondicionadores y tratamientos especializados dise\u00f1ados para brindar resultados excepcionales y cuidar tu cabello con eficacia.\",\"breadcrumb\":{\"@id\":\"https:\\\/\\\/dpclinicalhairproducts.com\\\/#breadcrumb\"},\"inLanguage\":\"en-GB\",\"potentialAction\":[{\"@type\":\"ReadAction\",\"target\":[\"https:\\\/\\\/dpclinicalhairproducts.com\\\/\"]}]},{\"@type\":\"BreadcrumbList\",\"@id\":\"https:\\\/\\\/dpclinicalhairproducts.com\\\/#breadcrumb\",\"itemListElement\":[{\"@type\":\"ListItem\",\"position\":1,\"name\":\"Portada\",\"item\":\"https:\\\/\\\/dpclinicalhairproducts.com\\\/\"},{\"@type\":\"ListItem\",\"position\":2,\"name\":\"Inicio\"}]},{\"@type\":\"WebSite\",\"@id\":\"https:\\\/\\\/royalblue-mantis-799599.hostingersite.com\\\/#website\",\"url\":\"https:\\\/\\\/royalblue-mantis-799599.hostingersite.com\\\/\",\"name\":\"dpclinicalhairproducts.com\",\"description\":\"Productos cl\u00ednicos para el cuidado del cabello: prevenci\u00f3n de la ca\u00edda del cabello, sustento despu\u00e9s de implantaciones capilares\",\"potentialAction\":[{\"@type\":\"SearchAction\",\"target\":{\"@type\":\"EntryPoint\",\"urlTemplate\":\"https:\\\/\\\/royalblue-mantis-799599.hostingersite.com\\\/?s={search_term_string}\"},\"query-input\":{\"@type\":\"PropertyValueSpecification\",\"valueRequired\":true,\"valueName\":\"search_term_string\"}}],\"inLanguage\":\"en-GB\"}]}<\/script>\n<!-- \/ Yoast SEO plugin. -->","yoast_head_json":{"title":"Inicio - dpclinicalhairproducts.com champ\u00fas acondicionadores tratamientos especializados","description":"DP Clinical Hair: champ\u00fas, acondicionadores y tratamientos especializados dise\u00f1ados para brindar resultados excepcionales y cuidar tu cabello con eficacia.","robots":{"index":"index","follow":"follow","max-snippet":"max-snippet:-1","max-image-preview":"max-image-preview:large","max-video-preview":"max-video-preview:-1"},"canonical":"https:\/\/dpclinicalhairproducts.com\/en\/","og_locale":"en_GB","og_type":"article","og_title":"Inicio - dpclinicalhairproducts.com champ\u00fas acondicionadores tratamientos especializados","og_description":"DP Clinical Hair: champ\u00fas, acondicionadores y tratamientos especializados dise\u00f1ados para brindar resultados excepcionales y cuidar tu cabello con eficacia.","og_url":"https:\/\/dpclinicalhairproducts.com\/en\/","og_site_name":"dpclinicalhairproducts.com","article_modified_time":"2026-04-22T12:19:42+00:00","twitter_card":"summary_large_image","twitter_misc":{"Estimated reading time":"6 minutes"},"schema":{"@context":"https:\/\/schema.org","@graph":[{"@type":"WebPage","@id":"https:\/\/dpclinicalhairproducts.com\/","url":"https:\/\/dpclinicalhairproducts.com\/","name":"Inicio - dpclinicalhairproducts.com champ\u00fas acondicionadores tratamientos especializados","isPartOf":{"@id":"https:\/\/royalblue-mantis-799599.hostingersite.com\/#website"},"datePublished":"2024-05-24T08:37:21+00:00","dateModified":"2026-04-22T12:19:42+00:00","description":"DP Clinical Hair: champ\u00fas, acondicionadores y tratamientos especializados dise\u00f1ados para brindar resultados excepcionales y cuidar tu cabello con eficacia.","breadcrumb":{"@id":"https:\/\/dpclinicalhairproducts.com\/#breadcrumb"},"inLanguage":"en-GB","potentialAction":[{"@type":"ReadAction","target":["https:\/\/dpclinicalhairproducts.com\/"]}]},{"@type":"BreadcrumbList","@id":"https:\/\/dpclinicalhairproducts.com\/#breadcrumb","itemListElement":[{"@type":"ListItem","position":1,"name":"Portada","item":"https:\/\/dpclinicalhairproducts.com\/"},{"@type":"ListItem","position":2,"name":"Inicio"}]},{"@type":"WebSite","@id":"https:\/\/royalblue-mantis-799599.hostingersite.com\/#website","url":"https:\/\/royalblue-mantis-799599.hostingersite.com\/","name":"dpclinicalhairproducts.com","description":"Productos cl\u00ednicos para el cuidado del cabello: prevenci\u00f3n de la ca\u00edda del cabello, sustento despu\u00e9s de implantaciones capilares","potentialAction":[{"@type":"SearchAction","target":{"@type":"EntryPoint","urlTemplate":"https:\/\/royalblue-mantis-799599.hostingersite.com\/?s={search_term_string}"},"query-input":{"@type":"PropertyValueSpecification","valueRequired":true,"valueName":"search_term_string"}}],"inLanguage":"en-GB"}]}},"_links":{"self":[{"href":"https:\/\/dpclinicalhairproducts.com\/en\/wp-json\/wp\/v2\/pages\/8","targetHints":{"allow":["GET"]}}],"collection":[{"href":"https:\/\/dpclinicalhairproducts.com\/en\/wp-json\/wp\/v2\/pages"}],"about":[{"href":"https:\/\/dpclinicalhairproducts.com\/en\/wp-json\/wp\/v2\/types\/page"}],"author":[{"embeddable":true,"href":"https:\/\/dpclinicalhairproducts.com\/en\/wp-json\/wp\/v2\/users\/1"}],"replies":[{"embeddable":true,"href":"https:\/\/dpclinicalhairproducts.com\/en\/wp-json\/wp\/v2\/comments?post=8"}],"version-history":[{"count":2,"href":"https:\/\/dpclinicalhairproducts.com\/en\/wp-json\/wp\/v2\/pages\/8\/revisions"}],"predecessor-version":[{"id":17233,"href":"https:\/\/dpclinicalhairproducts.com\/en\/wp-json\/wp\/v2\/pages\/8\/revisions\/17233"}],"wp:attachment":[{"href":"https:\/\/dpclinicalhairproducts.com\/en\/wp-json\/wp\/v2\/media?parent=8"}],"curies":[{"name":"wp","href":"https:\/\/api.w.org\/{rel}","templated":true}]}}